{"id":640,"date":"2020-07-31T09:55:27","date_gmt":"2020-07-31T12:55:27","guid":{"rendered":"https:\/\/www.fcad.uner.edu.ar\/proyecto-extension\/?page_id=640"},"modified":"2020-08-20T10:30:04","modified_gmt":"2020-08-20T13:30:04","slug":"integrantes","status":"publish","type":"page","link":"https:\/\/www.fcad.uner.edu.ar\/proyecto-extension\/integrantes\/","title":{"rendered":"Integrantes"},"content":{"rendered":"\t\t<div data-elementor-type=\"wp-page\" data-elementor-id=\"640\" class=\"elementor elementor-640\">\n\t\t\t\t\t\t<div class=\"elementor-inner\">\n\t\t\t\t<div class=\"elementor-section-wrap\">\n\t\t\t\t\t\t\t\t\t<section class=\"elementor-section elementor-top-section elementor-element elementor-element-9dffe1e elementor-section-stretched elementor-section-full_width elementor-section-height-default elementor-section-height-default\" data-id=\"9dffe1e\" data-element_type=\"section\" data-settings=\"{&quot;stretch_section&quot;:&quot;section-stretched&quot;}\">\n\t\t\t\t\t\t<div class=\"elementor-container elementor-column-gap-default\">\n\t\t\t\t\t\t\t<div class=\"elementor-row\">\n\t\t\t\t\t<div class=\"elementor-column elementor-col-50 elementor-top-column elementor-element elementor-element-4de9f23\" data-id=\"4de9f23\" data-element_type=\"column\">\n\t\t\t<div class=\"elementor-column-wrap elementor-element-populated\">\n\t\t\t\t\t\t\t<div class=\"elementor-widget-wrap\">\n\t\t\t\t\t\t<div class=\"elementor-element elementor-element-e0f6206 elementor-widget elementor-widget-wp-widget-custom_html\" data-id=\"e0f6206\" data-element_type=\"widget\" data-widget_type=\"wp-widget-custom_html.default\">\n\t\t\t\t<div class=\"elementor-widget-container\">\n\t\t\t<div class=\"textwidget custom-html-widget\"><div class=\"fcad-cont-menu\"> \r\n    <div class=\"fcad-item-menu\">\r\n\t\t<a href=\"https:\/\/www.fcad.uner.edu.ar\/proyecto-extension\/\">Inicio<\/a>\r\n\t<\/div>\r\n\r\n\t<div class=\"fcad-item-menu\">\r\n\t\t<a href=\"https:\/\/www.fcad.uner.edu.ar\/proyecto-extension\/entrevistas\/\">Entrevistas<\/a>\r\n\t<\/div>\r\n\r\n\t<div class=\"fcad-item-menu\">\r\n\t\t<a href=\"https:\/\/www.fcad.uner.edu.ar\/proyecto-extension\/documentos\/\">Documentos<\/a>\r\n\t<\/div>\r\n\t\t\t\r\n\t<div class=\"fcad-item-menu\">\r\n\t\t<a href=\"https:\/\/www.fcad.uner.edu.ar\/proyecto-extension\/participantes\/\">Instituciones Participantes<\/a>\r\n\t<\/div>\r\n\r\n\t<div class=\"fcad-item-menu\">\r\n\t\t<a href=\"https:\/\/www.fcad.uner.edu.ar\/proyecto-extension\/integrantes\/\">Integrantes<\/a>\r\n\t<\/div>\t\r\n\t\r\n    <div class=\"fcad-item-menu\">\r\n\t\t<a href=\"https:\/\/www.fcad.uner.edu.ar\/proyecto-extension\/contacto\/\">Contacto<\/a>\r\n\t<\/div>\t\r\n<\/div>\r\n<div>\r\n<div style=\"text-align: center;text-transform: capitalize;font-weight: 500;font-size: x-large;border-top-style: solid;border-top-width: 3px;border-top-color: #ffffff;padding: 10px;background-color: #006A6A;color: white\">Sugerencias<\/div>\r\n<div style=\"text-align: center;text-transform: capitalize;border-top-color: #ffffff;padding: 10px;background-color: #006A6A;color: white\"><span class=\"elementor-icon-list-icon\">\r\n\t\t\t\t\t\t\t<i aria-hidden=\"true\" class=\"fab fa-whatsapp\"><\/i>\t\t\t\t\t\t<\/span>(+54)3454933737<\/div>\r\n<div style=\"text-align: center;border-top-color: #ffffff;padding: 10px;background-color: #006A6A;color: white\"><span class=\"elementor-icon-list-icon\">\r\n\t\t\t\t\t\t\t<i aria-hidden=\"true\" class=\"far fa-envelope\"><\/i>\t\t\t\t\t\t<\/span><span>proyextefcad@gmail.com<\/span><\/div>\r\n\r\n\r\n\r\n<\/div><\/div>\t\t<\/div>\n\t\t\t\t<\/div>\n\t\t\t\t\t\t<\/div>\n\t\t\t\t\t<\/div>\n\t\t<\/div>\n\t\t\t\t<div class=\"elementor-column elementor-col-50 elementor-top-column elementor-element elementor-element-2e0a7f0\" data-id=\"2e0a7f0\" data-element_type=\"column\">\n\t\t\t<div class=\"elementor-column-wrap elementor-element-populated\">\n\t\t\t\t\t\t\t<div class=\"elementor-widget-wrap\">\n\t\t\t\t\t\t<div class=\"elementor-element elementor-element-5be2532 elementor-widget elementor-widget-heading\" data-id=\"5be2532\" data-element_type=\"widget\" data-widget_type=\"heading.default\">\n\t\t\t\t<div class=\"elementor-widget-container\">\n\t\t\t<h1 class=\"elementor-heading-title elementor-size-default\">Integrantes<\/h1>\t\t<\/div>\n\t\t\t\t<\/div>\n\t\t\t\t<section class=\"elementor-section elementor-inner-section elementor-element elementor-element-a0f025a elementor-section-full_width elementor-section-height-default elementor-section-height-default\" data-id=\"a0f025a\" data-element_type=\"section\">\n\t\t\t\t\t\t<div class=\"elementor-container elementor-column-gap-default\">\n\t\t\t\t\t\t\t<div class=\"elementor-row\">\n\t\t\t\t\t<div class=\"elementor-column elementor-col-100 elementor-inner-column elementor-element elementor-element-f89f7c9\" data-id=\"f89f7c9\" data-element_type=\"column\">\n\t\t\t<div class=\"elementor-column-wrap elementor-element-populated\">\n\t\t\t\t\t\t\t<div class=\"elementor-widget-wrap\">\n\t\t\t\t\t\t<div class=\"elementor-element elementor-element-e9fe0ce elementor-widget elementor-widget-text-editor\" data-id=\"e9fe0ce\" data-element_type=\"widget\" data-widget_type=\"text-editor.default\">\n\t\t\t\t<div class=\"elementor-widget-container\">\n\t\t\t\t\t\t\t\t<div class=\"elementor-text-editor elementor-clearfix\">\n\t\t\t\t<p style=\"text-align: center;\"><span style=\"color: #002643;\"><strong>Director<\/strong><\/span><\/p><p style=\"text-align: center;\"><span style=\"color: #000000;\">Hip\u00f3lito B. Fink<\/span><\/p>\t\t\t\t\t<\/div>\n\t\t\t\t\t\t<\/div>\n\t\t\t\t<\/div>\n\t\t\t\t<div class=\"elementor-element elementor-element-5566e9e elementor-widget elementor-widget-text-editor\" data-id=\"5566e9e\" data-element_type=\"widget\" data-widget_type=\"text-editor.default\">\n\t\t\t\t<div class=\"elementor-widget-container\">\n\t\t\t\t\t\t\t\t<div class=\"elementor-text-editor elementor-clearfix\">\n\t\t\t\t<p style=\"text-align: center;\"><span style=\"color: #002643;\"><strong>Co-Director<\/strong><\/span><\/p><p style=\"text-align: center;\"><span style=\"color: #000000;\">Guillermo Dar\u00edo Victorio<\/span><\/p>\t\t\t\t\t<\/div>\n\t\t\t\t\t\t<\/div>\n\t\t\t\t<\/div>\n\t\t\t\t<div class=\"elementor-element elementor-element-77e12bd elementor-widget elementor-widget-text-editor\" data-id=\"77e12bd\" data-element_type=\"widget\" data-widget_type=\"text-editor.default\">\n\t\t\t\t<div class=\"elementor-widget-container\">\n\t\t\t\t\t\t\t\t<div class=\"elementor-text-editor elementor-clearfix\">\n\t\t\t\t<p style=\"text-align: center;\"><span style=\"color: #002643;\"><b>Docentes<\/b><\/span><\/p><p style=\"text-align: center;\"><span style=\"color: #000000;\">Juan Carlos Ayala<br \/><\/span><span style=\"color: #000000;\">Benito Alberto Cleres<br \/><\/span><span style=\"color: #000000;\">Horacio Luis Stering<br \/><\/span><span style=\"color: #000000;\">Mar\u00eda Emilia Bustti<br \/><\/span><span style=\"color: #000000;\">Antonella Carina <\/span><span style=\"color: #000000;\">Garc\u00eda<br \/><\/span><span style=\"color: #000000;\">Mar\u00eda Eugenia Rader<br \/><\/span><span style=\"color: #000000;\">Cintia Valeria Jacquet<br \/><\/span><span style=\"color: #000000;\">Agustina Andrea Mart\u00ednez<br \/><\/span><span style=\"color: #000000;\">Mar\u00eda Agostina S\u00e1nchez<br \/><\/span><span style=\"color: #000000;\">M\u00f3nica Diana Tugnarelli<br \/><\/span><span style=\"color: #000000;\">Mauro Federico Fornaroli<\/span><\/p>\t\t\t\t\t<\/div>\n\t\t\t\t\t\t<\/div>\n\t\t\t\t<\/div>\n\t\t\t\t<div class=\"elementor-element elementor-element-352a969 elementor-widget elementor-widget-text-editor\" data-id=\"352a969\" data-element_type=\"widget\" data-widget_type=\"text-editor.default\">\n\t\t\t\t<div class=\"elementor-widget-container\">\n\t\t\t\t\t\t\t\t<div class=\"elementor-text-editor elementor-clearfix\">\n\t\t\t\t<p style=\"text-align: center;\"><span style=\"color: #002643;\"><b>Estudiantes<\/b><\/span><\/p><p style=\"text-align: center;\"><span style=\"color: #000000;\">Diego Alberto Bertolotti<br \/><\/span><span style=\"color: #000000;\">Santiago Vega Abrahan<br \/><\/span><span style=\"color: #000000;\">Ulises Allois<br \/><\/span><span style=\"color: #000000;\">Paula Fink<br \/><\/span><span style=\"color: #000000;\">Roberto Jes\u00fas Ragone<br \/><\/span><span style=\"color: #000000;\">Guillermo Hern\u00e1n Barth<\/span><\/p>\t\t\t\t\t<\/div>\n\t\t\t\t\t\t<\/div>\n\t\t\t\t<\/div>\n\t\t\t\t<div class=\"elementor-element elementor-element-8e63251 elementor-widget elementor-widget-text-editor\" data-id=\"8e63251\" data-element_type=\"widget\" data-widget_type=\"text-editor.default\">\n\t\t\t\t<div class=\"elementor-widget-container\">\n\t\t\t\t\t\t\t\t<div class=\"elementor-text-editor elementor-clearfix\">\n\t\t\t\t<p style=\"text-align: center;\"><span style=\"color: #002643;\"><b>Graduados<\/b><\/span><\/p><p style=\"text-align: center;\"><span style=\"color: #000000;\">Mariela Silvina Grass<br \/><\/span><span style=\"color: #000000;\">Atilio Eduardo Fournier<br \/><\/span><span style=\"color: #000000;\">Oscar Alberto Garc\u00eda<br \/><\/span><span style=\"color: #000000;\">Mar\u00eda Luz Fabrello<\/span><\/p>\t\t\t\t\t<\/div>\n\t\t\t\t\t\t<\/div>\n\t\t\t\t<\/div>\n\t\t\t\t<div class=\"elementor-element elementor-element-6fced72 elementor-widget elementor-widget-text-editor\" data-id=\"6fced72\" data-element_type=\"widget\" data-widget_type=\"text-editor.default\">\n\t\t\t\t<div class=\"elementor-widget-container\">\n\t\t\t\t\t\t\t\t<div class=\"elementor-text-editor elementor-clearfix\">\n\t\t\t\t<p style=\"text-align: center;\"><span style=\"color: #002643;\"><b>Personal administrativo<\/b><\/span><\/p><p style=\"text-align: center;\"><span style=\"color: #000000;\">Daniel Januario Torrez<br \/><\/span><span style=\"color: #000000;\">Miriam Elizabeth Gonz\u00e1lez<\/span><\/p>\t\t\t\t\t<\/div>\n\t\t\t\t\t\t<\/div>\n\t\t\t\t<\/div>\n\t\t\t\t\t\t<\/div>\n\t\t\t\t\t<\/div>\n\t\t<\/div>\n\t\t\t\t\t\t\t\t<\/div>\n\t\t\t\t\t<\/div>\n\t\t<\/section>\n\t\t\t\t\t\t<\/div>\n\t\t\t\t\t<\/div>\n\t\t<\/div>\n\t\t\t\t\t\t\t\t<\/div>\n\t\t\t\t\t<\/div>\n\t\t<\/section>\n\t\t\t\t<section class=\"elementor-section elementor-top-section elementor-element elementor-element-0f6e1b0 elementor-section-stretched elementor-section-full_width elementor-section-height-default elementor-section-height-default\" data-id=\"0f6e1b0\" data-element_type=\"section\" data-settings=\"{&quot;stretch_section&quot;:&quot;section-stretched&quot;}\">\n\t\t\t\t\t\t<div class=\"elementor-container elementor-column-gap-default\">\n\t\t\t\t\t\t\t<div class=\"elementor-row\">\n\t\t\t\t\t<div class=\"elementor-column elementor-col-100 elementor-top-column elementor-element elementor-element-6336c96\" data-id=\"6336c96\" data-element_type=\"column\">\n\t\t\t<div class=\"elementor-column-wrap\">\n\t\t\t\t\t\t\t<div class=\"elementor-widget-wrap\">\n\t\t\t\t\t\t\t\t<\/div>\n\t\t\t\t\t<\/div>\n\t\t<\/div>\n\t\t\t\t\t\t\t\t<\/div>\n\t\t\t\t\t<\/div>\n\t\t<\/section>\n\t\t\t\t\t\t\t\t\t<\/div>\n\t\t\t<\/div>\n\t\t\t\t\t<\/div>\n\t\t","protected":false},"excerpt":{"rendered":"<p>Integrantes Director Hip\u00f3lito B. Fink Co-Director Guillermo Dar\u00edo Victorio Docentes Juan Carlos AyalaBenito Alberto CleresHoracio Luis SteringMar\u00eda Emilia BusttiAntonella Carina Garc\u00edaMar\u00eda Eugenia RaderCintia Valeria JacquetAgustina Andrea Mart\u00ednezMar\u00eda Agostina S\u00e1nchezM\u00f3nica Diana TugnarelliMauro Federico Fornaroli Estudiantes Diego Alberto BertolottiSantiago Vega AbrahanUlises AlloisPaula FinkRoberto Jes\u00fas RagoneGuillermo Hern\u00e1n Barth Graduados Mariela Silvina GrassAtilio Eduardo FournierOscar Alberto Garc\u00edaMar\u00eda Luz Fabrello&hellip;&nbsp;<a href=\"https:\/\/www.fcad.uner.edu.ar\/proyecto-extension\/integrantes\/\" class=\"\" rel=\"bookmark\">Leer m\u00e1s &raquo;<span class=\"screen-reader-text\">Integrantes<\/span><\/a><\/p>\n","protected":false},"author":1,"featured_media":0,"parent":0,"menu_order":0,"comment_status":"closed","ping_status":"closed","template":"page-templates\/template-pagebuilder-full-width.php","meta":{"neve_meta_sidebar":"full-width","neve_meta_container":"","neve_meta_enable_content_width":"on","neve_meta_content_width":100,"neve_meta_title_alignment":"","neve_meta_author_avatar":"","neve_post_elements_order":"","neve_meta_disable_header":"","neve_meta_disable_footer":"","neve_meta_disable_title":""},"_links":{"self":[{"href":"https:\/\/www.fcad.uner.edu.ar\/proyecto-extension\/wp-json\/wp\/v2\/pages\/640"}],"collection":[{"href":"https:\/\/www.fcad.uner.edu.ar\/proyecto-extension\/wp-json\/wp\/v2\/pages"}],"about":[{"href":"https:\/\/www.fcad.uner.edu.ar\/proyecto-extension\/wp-json\/wp\/v2\/types\/page"}],"author":[{"embeddable":true,"href":"https:\/\/www.fcad.uner.edu.ar\/proyecto-extension\/wp-json\/wp\/v2\/users\/1"}],"replies":[{"embeddable":true,"href":"https:\/\/www.fcad.uner.edu.ar\/proyecto-extension\/wp-json\/wp\/v2\/comments?post=640"}],"version-history":[{"count":11,"href":"https:\/\/www.fcad.uner.edu.ar\/proyecto-extension\/wp-json\/wp\/v2\/pages\/640\/revisions"}],"predecessor-version":[{"id":721,"href":"https:\/\/www.fcad.uner.edu.ar\/proyecto-extension\/wp-json\/wp\/v2\/pages\/640\/revisions\/721"}],"wp:attachment":[{"href":"https:\/\/www.fcad.uner.edu.ar\/proyecto-extension\/wp-json\/wp\/v2\/media?parent=640"}],"curies":[{"name":"wp","href":"https:\/\/api.w.org\/{rel}","templated":true}]}}