{"id":592,"date":"2020-07-30T18:39:30","date_gmt":"2020-07-30T21:39:30","guid":{"rendered":"https:\/\/www.fcad.uner.edu.ar\/proyecto-extension\/?page_id=592"},"modified":"2021-09-14T15:46:52","modified_gmt":"2021-09-14T18:46:52","slug":"participantes","status":"publish","type":"page","link":"https:\/\/www.fcad.uner.edu.ar\/proyecto-extension\/participantes\/","title":{"rendered":"Participantes"},"content":{"rendered":"\t\t<div data-elementor-type=\"wp-page\" data-elementor-id=\"592\" class=\"elementor elementor-592\">\n\t\t\t\t\t\t<div class=\"elementor-inner\">\n\t\t\t\t<div class=\"elementor-section-wrap\">\n\t\t\t\t\t\t\t\t\t<section class=\"elementor-section elementor-top-section elementor-element elementor-element-891c6b4 elementor-section-stretched elementor-section-full_width elementor-section-height-default elementor-section-height-default\" data-id=\"891c6b4\" data-element_type=\"section\" data-settings=\"{&quot;stretch_section&quot;:&quot;section-stretched&quot;}\">\n\t\t\t\t\t\t<div class=\"elementor-container elementor-column-gap-default\">\n\t\t\t\t\t\t\t<div class=\"elementor-row\">\n\t\t\t\t\t<div class=\"elementor-column elementor-col-50 elementor-top-column elementor-element elementor-element-14ad043\" data-id=\"14ad043\" data-element_type=\"column\">\n\t\t\t<div class=\"elementor-column-wrap elementor-element-populated\">\n\t\t\t\t\t\t\t<div class=\"elementor-widget-wrap\">\n\t\t\t\t\t\t<div class=\"elementor-element elementor-element-a7c7903 elementor-widget elementor-widget-wp-widget-custom_html\" data-id=\"a7c7903\" data-element_type=\"widget\" data-widget_type=\"wp-widget-custom_html.default\">\n\t\t\t\t<div class=\"elementor-widget-container\">\n\t\t\t<div class=\"textwidget custom-html-widget\"><div class=\"fcad-cont-menu\"> \r\n    <div class=\"fcad-item-menu\">\r\n\t\t<a href=\"https:\/\/www.fcad.uner.edu.ar\/proyecto-extension\/\">Inicio<\/a>\r\n\t<\/div>\r\n\r\n\t<div class=\"fcad-item-menu\">\r\n\t\t<a href=\"https:\/\/www.fcad.uner.edu.ar\/proyecto-extension\/entrevistas\/\">Entrevistas<\/a>\r\n\t<\/div>\r\n\r\n\t<div class=\"fcad-item-menu\">\r\n\t\t<a href=\"https:\/\/www.fcad.uner.edu.ar\/proyecto-extension\/documentos\/\">Documentos<\/a>\r\n\t<\/div>\r\n\t\t\t\r\n\t<div class=\"fcad-item-menu\">\r\n\t\t<a href=\"https:\/\/www.fcad.uner.edu.ar\/proyecto-extension\/participantes\/\">Instituciones Participantes<\/a>\r\n\t<\/div>\r\n\r\n\t<div class=\"fcad-item-menu\">\r\n\t\t<a href=\"https:\/\/www.fcad.uner.edu.ar\/proyecto-extension\/integrantes\/\">Integrantes<\/a>\r\n\t<\/div>\t\r\n\t\r\n    <div class=\"fcad-item-menu\">\r\n\t\t<a href=\"https:\/\/www.fcad.uner.edu.ar\/proyecto-extension\/contacto\/\">Contacto<\/a>\r\n\t<\/div>\t\r\n<\/div>\r\n<div>\r\n<div style=\"text-align: center;text-transform: capitalize;font-weight: 500;font-size: x-large;border-top-style: solid;border-top-width: 3px;border-top-color: #ffffff;padding: 10px;background-color: #006A6A;color: white\">Sugerencias<\/div>\r\n<div style=\"text-align: center;text-transform: capitalize;border-top-color: #ffffff;padding: 10px;background-color: #006A6A;color: white\"><span class=\"elementor-icon-list-icon\">\r\n\t\t\t\t\t\t\t<i aria-hidden=\"true\" class=\"fab fa-whatsapp\"><\/i>\t\t\t\t\t\t<\/span>(+54)3454933737<\/div>\r\n<div style=\"text-align: center;border-top-color: #ffffff;padding: 10px;background-color: #006A6A;color: white\"><span class=\"elementor-icon-list-icon\">\r\n\t\t\t\t\t\t\t<i aria-hidden=\"true\" class=\"far fa-envelope\"><\/i>\t\t\t\t\t\t<\/span><span>proyextefcad@gmail.com<\/span><\/div>\r\n\r\n\r\n\r\n<\/div><\/div>\t\t<\/div>\n\t\t\t\t<\/div>\n\t\t\t\t\t\t<\/div>\n\t\t\t\t\t<\/div>\n\t\t<\/div>\n\t\t\t\t<div class=\"elementor-column elementor-col-50 elementor-top-column elementor-element elementor-element-32cd4f8\" data-id=\"32cd4f8\" data-element_type=\"column\">\n\t\t\t<div class=\"elementor-column-wrap elementor-element-populated\">\n\t\t\t\t\t\t\t<div class=\"elementor-widget-wrap\">\n\t\t\t\t\t\t<div class=\"elementor-element elementor-element-3a1d729 elementor-widget elementor-widget-heading\" data-id=\"3a1d729\" data-element_type=\"widget\" data-widget_type=\"heading.default\">\n\t\t\t\t<div class=\"elementor-widget-container\">\n\t\t\t<h1 class=\"elementor-heading-title elementor-size-default\">Instituciones Participantes<\/h1>\t\t<\/div>\n\t\t\t\t<\/div>\n\t\t\t\t<section class=\"elementor-section elementor-inner-section elementor-element elementor-element-07b43bc elementor-section-full_width elementor-section-height-default elementor-section-height-default\" data-id=\"07b43bc\" data-element_type=\"section\">\n\t\t\t\t\t\t<div class=\"elementor-container elementor-column-gap-default\">\n\t\t\t\t\t\t\t<div class=\"elementor-row\">\n\t\t\t\t\t<div class=\"elementor-column elementor-col-16 elementor-inner-column elementor-element elementor-element-e28dc8c\" data-id=\"e28dc8c\" data-element_type=\"column\" data-settings=\"{&quot;background_background&quot;:&quot;classic&quot;}\">\n\t\t\t<div class=\"elementor-column-wrap elementor-element-populated\">\n\t\t\t\t\t\t\t<div class=\"elementor-widget-wrap\">\n\t\t\t\t\t\t<div class=\"elementor-element elementor-element-8d176cd elementor-widget elementor-widget-image\" data-id=\"8d176cd\" data-element_type=\"widget\" data-widget_type=\"image.default\">\n\t\t\t\t<div class=\"elementor-widget-container\">\n\t\t\t\t\t\t\t\t<div class=\"elementor-image\">\n\t\t\t\t\t\t\t\t\t\t\t\t\t<a href=\"http:\/\/www.cpceer.org.ar\/\">\n\t\t\t\t\t\t\t<img decoding=\"async\" width=\"215\" height=\"90\" src=\"https:\/\/www.fcad.uner.edu.ar\/proyecto-extension\/wp-content\/uploads\/2020\/07\/CPCEER.png\" class=\"attachment-medium size-medium wp-image-546\" alt=\"\" loading=\"lazy\" \/>\t\t\t\t\t\t\t\t<\/a>\n\t\t\t\t\t\t\t\t\t\t\t\t\t\t<\/div>\n\t\t\t\t\t\t<\/div>\n\t\t\t\t<\/div>\n\t\t\t\t<div class=\"elementor-element elementor-element-6371141 elementor-widget elementor-widget-text-editor\" data-id=\"6371141\" data-element_type=\"widget\" data-widget_type=\"text-editor.default\">\n\t\t\t\t<div class=\"elementor-widget-container\">\n\t\t\t\t\t\t\t\t<div class=\"elementor-text-editor elementor-clearfix\">\n\t\t\t\t<p>Delegaci\u00f3n Concordia<\/p>\t\t\t\t\t<\/div>\n\t\t\t\t\t\t<\/div>\n\t\t\t\t<\/div>\n\t\t\t\t\t\t<\/div>\n\t\t\t\t\t<\/div>\n\t\t<\/div>\n\t\t\t\t<div class=\"elementor-column elementor-col-16 elementor-inner-column elementor-element elementor-element-5de4ff6\" data-id=\"5de4ff6\" data-element_type=\"column\">\n\t\t\t<div class=\"elementor-column-wrap elementor-element-populated\">\n\t\t\t\t\t\t\t<div class=\"elementor-widget-wrap\">\n\t\t\t\t\t\t<div class=\"elementor-element elementor-element-0642547 elementor-widget elementor-widget-image\" data-id=\"0642547\" data-element_type=\"widget\" data-widget_type=\"image.default\">\n\t\t\t\t<div class=\"elementor-widget-container\">\n\t\t\t\t\t\t\t\t<div class=\"elementor-image\">\n\t\t\t\t\t\t\t\t\t\t\t\t\t<a href=\"http:\/\/www.cpceer.org.ar\/\">\n\t\t\t\t\t\t\t<img decoding=\"async\" width=\"215\" height=\"90\" src=\"https:\/\/www.fcad.uner.edu.ar\/proyecto-extension\/wp-content\/uploads\/2020\/07\/CPCEER.png\" class=\"attachment-medium size-medium wp-image-546\" alt=\"\" loading=\"lazy\" \/>\t\t\t\t\t\t\t\t<\/a>\n\t\t\t\t\t\t\t\t\t\t\t\t\t\t<\/div>\n\t\t\t\t\t\t<\/div>\n\t\t\t\t<\/div>\n\t\t\t\t<div class=\"elementor-element elementor-element-9a7f2d8 elementor-widget elementor-widget-text-editor\" data-id=\"9a7f2d8\" data-element_type=\"widget\" data-widget_type=\"text-editor.default\">\n\t\t\t\t<div class=\"elementor-widget-container\">\n\t\t\t\t\t\t\t\t<div class=\"elementor-text-editor elementor-clearfix\">\n\t\t\t\t<p>Delegaci\u00f3n Chajar\u00ed<\/p>\t\t\t\t\t<\/div>\n\t\t\t\t\t\t<\/div>\n\t\t\t\t<\/div>\n\t\t\t\t\t\t<\/div>\n\t\t\t\t\t<\/div>\n\t\t<\/div>\n\t\t\t\t<div class=\"elementor-column elementor-col-16 elementor-inner-column elementor-element elementor-element-68976be\" data-id=\"68976be\" data-element_type=\"column\">\n\t\t\t<div class=\"elementor-column-wrap elementor-element-populated\">\n\t\t\t\t\t\t\t<div class=\"elementor-widget-wrap\">\n\t\t\t\t\t\t<div class=\"elementor-element elementor-element-e7e6242 elementor-widget elementor-widget-image\" data-id=\"e7e6242\" data-element_type=\"widget\" data-widget_type=\"image.default\">\n\t\t\t\t<div class=\"elementor-widget-container\">\n\t\t\t\t\t\t\t\t<div class=\"elementor-image\">\n\t\t\t\t\t\t\t\t\t\t\t\t\t<a href=\"https:\/\/asodeco.org.ar\/\">\n\t\t\t\t\t\t\t<img decoding=\"async\" width=\"190\" height=\"89\" src=\"https:\/\/www.fcad.uner.edu.ar\/proyecto-extension\/wp-content\/uploads\/2020\/11\/image828.png\" class=\"attachment-medium size-medium wp-image-774\" alt=\"\" loading=\"lazy\" \/>\t\t\t\t\t\t\t\t<\/a>\n\t\t\t\t\t\t\t\t\t\t\t\t\t\t<\/div>\n\t\t\t\t\t\t<\/div>\n\t\t\t\t<\/div>\n\t\t\t\t<div class=\"elementor-element elementor-element-2ca81b4 elementor-widget elementor-widget-text-editor\" data-id=\"2ca81b4\" data-element_type=\"widget\" data-widget_type=\"text-editor.default\">\n\t\t\t\t<div class=\"elementor-widget-container\">\n\t\t\t\t\t\t\t\t<div class=\"elementor-text-editor elementor-clearfix\">\n\t\t\t\t<p>Asociaci\u00f3n para el desarrollo de Concordia<\/p>\t\t\t\t\t<\/div>\n\t\t\t\t\t\t<\/div>\n\t\t\t\t<\/div>\n\t\t\t\t\t\t<\/div>\n\t\t\t\t\t<\/div>\n\t\t<\/div>\n\t\t\t\t<div class=\"elementor-column elementor-col-16 elementor-inner-column elementor-element elementor-element-3f6c61e\" data-id=\"3f6c61e\" data-element_type=\"column\">\n\t\t\t<div class=\"elementor-column-wrap elementor-element-populated\">\n\t\t\t\t\t\t\t<div class=\"elementor-widget-wrap\">\n\t\t\t\t\t\t<div class=\"elementor-element elementor-element-f8e247d elementor-widget elementor-widget-image\" data-id=\"f8e247d\" data-element_type=\"widget\" data-widget_type=\"image.default\">\n\t\t\t\t<div class=\"elementor-widget-container\">\n\t\t\t\t\t\t\t\t<div class=\"elementor-image\">\n\t\t\t\t\t\t\t\t\t\t\t\t\t<a href=\"http:\/\/www.centrodecomercio.org.ar\/\">\n\t\t\t\t\t\t\t<img decoding=\"async\" width=\"300\" height=\"119\" src=\"https:\/\/www.fcad.uner.edu.ar\/proyecto-extension\/wp-content\/uploads\/2020\/11\/ccisc-300x119.png\" class=\"attachment-medium size-medium wp-image-767\" alt=\"\" loading=\"lazy\" srcset=\"https:\/\/www.fcad.uner.edu.ar\/proyecto-extension\/wp-content\/uploads\/2020\/11\/ccisc-300x119.png 300w, https:\/\/www.fcad.uner.edu.ar\/proyecto-extension\/wp-content\/uploads\/2020\/11\/ccisc.png 303w\" sizes=\"(max-width: 300px) 100vw, 300px\" \/>\t\t\t\t\t\t\t\t<\/a>\n\t\t\t\t\t\t\t\t\t\t\t\t\t\t<\/div>\n\t\t\t\t\t\t<\/div>\n\t\t\t\t<\/div>\n\t\t\t\t\t\t<\/div>\n\t\t\t\t\t<\/div>\n\t\t<\/div>\n\t\t\t\t<div class=\"elementor-column elementor-col-16 elementor-inner-column elementor-element elementor-element-65f4f34\" data-id=\"65f4f34\" data-element_type=\"column\">\n\t\t\t<div class=\"elementor-column-wrap elementor-element-populated\">\n\t\t\t\t\t\t\t<div class=\"elementor-widget-wrap\">\n\t\t\t\t\t\t<div class=\"elementor-element elementor-element-b5fde65 elementor-widget elementor-widget-image\" data-id=\"b5fde65\" data-element_type=\"widget\" data-widget_type=\"image.default\">\n\t\t\t\t<div class=\"elementor-widget-container\">\n\t\t\t\t\t\t\t\t<div class=\"elementor-image\">\n\t\t\t\t\t\t\t\t\t\t\t\t\t<a href=\"https:\/\/www.facebook.com\/caech.chajari1\">\n\t\t\t\t\t\t\t<img decoding=\"async\" width=\"89\" height=\"89\" src=\"https:\/\/www.fcad.uner.edu.ar\/proyecto-extension\/wp-content\/uploads\/2020\/11\/image4538.png\" class=\"attachment-medium size-medium wp-image-778\" alt=\"\" loading=\"lazy\" \/>\t\t\t\t\t\t\t\t<\/a>\n\t\t\t\t\t\t\t\t\t\t\t\t\t\t<\/div>\n\t\t\t\t\t\t<\/div>\n\t\t\t\t<\/div>\n\t\t\t\t<div class=\"elementor-element elementor-element-de77241 elementor-widget elementor-widget-text-editor\" data-id=\"de77241\" data-element_type=\"widget\" data-widget_type=\"text-editor.default\">\n\t\t\t\t<div class=\"elementor-widget-container\">\n\t\t\t\t\t\t\t\t<div class=\"elementor-text-editor elementor-clearfix\">\n\t\t\t\t<p>Centro de Comercio Industria y Servicios de Chajar\u00ed<\/p>\t\t\t\t\t<\/div>\n\t\t\t\t\t\t<\/div>\n\t\t\t\t<\/div>\n\t\t\t\t\t\t<\/div>\n\t\t\t\t\t<\/div>\n\t\t<\/div>\n\t\t\t\t<div class=\"elementor-column elementor-col-16 elementor-inner-column elementor-element elementor-element-3496d4d\" data-id=\"3496d4d\" data-element_type=\"column\">\n\t\t\t<div class=\"elementor-column-wrap elementor-element-populated\">\n\t\t\t\t\t\t\t<div class=\"elementor-widget-wrap\">\n\t\t\t\t\t\t<div class=\"elementor-element elementor-element-0bafb65 elementor-widget elementor-widget-image\" data-id=\"0bafb65\" data-element_type=\"widget\" data-widget_type=\"image.default\">\n\t\t\t\t<div class=\"elementor-widget-container\">\n\t\t\t\t\t\t\t\t<div class=\"elementor-image\">\n\t\t\t\t\t\t\t\t\t\t\t\t\t<a href=\"https:\/\/www.facebook.com\/caech.chajari1\">\n\t\t\t\t\t\t\t<img decoding=\"async\" width=\"114\" height=\"114\" src=\"https:\/\/www.fcad.uner.edu.ar\/proyecto-extension\/wp-content\/uploads\/2021\/04\/image844.png\" class=\"attachment-medium size-medium wp-image-825\" alt=\"\" loading=\"lazy\" \/>\t\t\t\t\t\t\t\t<\/a>\n\t\t\t\t\t\t\t\t\t\t\t\t\t\t<\/div>\n\t\t\t\t\t\t<\/div>\n\t\t\t\t<\/div>\n\t\t\t\t<div class=\"elementor-element elementor-element-1227185 elementor-widget elementor-widget-text-editor\" data-id=\"1227185\" data-element_type=\"widget\" data-widget_type=\"text-editor.default\">\n\t\t\t\t<div class=\"elementor-widget-container\">\n\t\t\t\t\t\t\t\t<div class=\"elementor-text-editor elementor-clearfix\">\n\t\t\t\t<p>Centro Econ\u00f3mico San Salvador<\/p>\t\t\t\t\t<\/div>\n\t\t\t\t\t\t<\/div>\n\t\t\t\t<\/div>\n\t\t\t\t\t\t<\/div>\n\t\t\t\t\t<\/div>\n\t\t<\/div>\n\t\t\t\t\t\t\t\t<\/div>\n\t\t\t\t\t<\/div>\n\t\t<\/section>\n\t\t\t\t\t\t<\/div>\n\t\t\t\t\t<\/div>\n\t\t<\/div>\n\t\t\t\t\t\t\t\t<\/div>\n\t\t\t\t\t<\/div>\n\t\t<\/section>\n\t\t\t\t\t\t\t\t\t<\/div>\n\t\t\t<\/div>\n\t\t\t\t\t<\/div>\n\t\t","protected":false},"excerpt":{"rendered":"<p>Instituciones Participantes Delegaci\u00f3n Concordia Delegaci\u00f3n Chajar\u00ed Asociaci\u00f3n para el desarrollo de Concordia Centro de Comercio Industria y Servicios de Chajar\u00ed Centro Econ\u00f3mico San Salvador<\/p>\n","protected":false},"author":1,"featured_media":0,"parent":0,"menu_order":0,"comment_status":"closed","ping_status":"closed","template":"page-templates\/template-pagebuilder-full-width.php","meta":{"neve_meta_sidebar":"full-width","neve_meta_container":"","neve_meta_enable_content_width":"on","neve_meta_content_width":100,"neve_meta_title_alignment":"","neve_meta_author_avatar":"","neve_post_elements_order":"","neve_meta_disable_header":"","neve_meta_disable_footer":"","neve_meta_disable_title":""},"_links":{"self":[{"href":"https:\/\/www.fcad.uner.edu.ar\/proyecto-extension\/wp-json\/wp\/v2\/pages\/592"}],"collection":[{"href":"https:\/\/www.fcad.uner.edu.ar\/proyecto-extension\/wp-json\/wp\/v2\/pages"}],"about":[{"href":"https:\/\/www.fcad.uner.edu.ar\/proyecto-extension\/wp-json\/wp\/v2\/types\/page"}],"author":[{"embeddable":true,"href":"https:\/\/www.fcad.uner.edu.ar\/proyecto-extension\/wp-json\/wp\/v2\/users\/1"}],"replies":[{"embeddable":true,"href":"https:\/\/www.fcad.uner.edu.ar\/proyecto-extension\/wp-json\/wp\/v2\/comments?post=592"}],"version-history":[{"count":22,"href":"https:\/\/www.fcad.uner.edu.ar\/proyecto-extension\/wp-json\/wp\/v2\/pages\/592\/revisions"}],"predecessor-version":[{"id":850,"href":"https:\/\/www.fcad.uner.edu.ar\/proyecto-extension\/wp-json\/wp\/v2\/pages\/592\/revisions\/850"}],"wp:attachment":[{"href":"https:\/\/www.fcad.uner.edu.ar\/proyecto-extension\/wp-json\/wp\/v2\/media?parent=592"}],"curies":[{"name":"wp","href":"https:\/\/api.w.org\/{rel}","templated":true}]}}