{"id":582,"date":"2020-07-30T18:26:54","date_gmt":"2020-07-30T21:26:54","guid":{"rendered":"https:\/\/www.fcad.uner.edu.ar\/proyecto-extension\/?page_id=582"},"modified":"2020-08-20T10:30:18","modified_gmt":"2020-08-20T13:30:18","slug":"contacto","status":"publish","type":"page","link":"https:\/\/www.fcad.uner.edu.ar\/proyecto-extension\/contacto\/","title":{"rendered":"Contacto"},"content":{"rendered":"\t\t<div data-elementor-type=\"wp-page\" data-elementor-id=\"582\" class=\"elementor elementor-582\">\n\t\t\t\t\t\t<div class=\"elementor-inner\">\n\t\t\t\t<div class=\"elementor-section-wrap\">\n\t\t\t\t\t\t\t\t\t<section class=\"elementor-section elementor-top-section elementor-element elementor-element-891a369 elementor-section-stretched elementor-section-full_width elementor-section-height-default elementor-section-height-default\" data-id=\"891a369\" data-element_type=\"section\" data-settings=\"{&quot;stretch_section&quot;:&quot;section-stretched&quot;}\">\n\t\t\t\t\t\t<div class=\"elementor-container elementor-column-gap-default\">\n\t\t\t\t\t\t\t<div class=\"elementor-row\">\n\t\t\t\t\t<div class=\"elementor-column elementor-col-50 elementor-top-column elementor-element elementor-element-63c4e5a\" data-id=\"63c4e5a\" data-element_type=\"column\">\n\t\t\t<div class=\"elementor-column-wrap elementor-element-populated\">\n\t\t\t\t\t\t\t<div class=\"elementor-widget-wrap\">\n\t\t\t\t\t\t<div class=\"elementor-element elementor-element-24fc732 elementor-widget elementor-widget-wp-widget-custom_html\" data-id=\"24fc732\" data-element_type=\"widget\" data-widget_type=\"wp-widget-custom_html.default\">\n\t\t\t\t<div class=\"elementor-widget-container\">\n\t\t\t<div class=\"textwidget custom-html-widget\"><div class=\"fcad-cont-menu\"> \r\n    <div class=\"fcad-item-menu\">\r\n\t\t<a href=\"https:\/\/www.fcad.uner.edu.ar\/proyecto-extension\/\">Inicio<\/a>\r\n\t<\/div>\r\n\r\n\t<div class=\"fcad-item-menu\">\r\n\t\t<a href=\"https:\/\/www.fcad.uner.edu.ar\/proyecto-extension\/entrevistas\/\">Entrevistas<\/a>\r\n\t<\/div>\r\n\r\n\t<div class=\"fcad-item-menu\">\r\n\t\t<a href=\"https:\/\/www.fcad.uner.edu.ar\/proyecto-extension\/documentos\/\">Documentos<\/a>\r\n\t<\/div>\r\n\t\t\t\r\n\t<div class=\"fcad-item-menu\">\r\n\t\t<a href=\"https:\/\/www.fcad.uner.edu.ar\/proyecto-extension\/participantes\/\">Instituciones Participantes<\/a>\r\n\t<\/div>\r\n\r\n\t<div class=\"fcad-item-menu\">\r\n\t\t<a href=\"https:\/\/www.fcad.uner.edu.ar\/proyecto-extension\/integrantes\/\">Integrantes<\/a>\r\n\t<\/div>\t\r\n\t\r\n    <div class=\"fcad-item-menu\">\r\n\t\t<a href=\"https:\/\/www.fcad.uner.edu.ar\/proyecto-extension\/contacto\/\">Contacto<\/a>\r\n\t<\/div>\t\r\n<\/div>\r\n<div>\r\n<div style=\"text-align: center;text-transform: capitalize;font-weight: 500;font-size: x-large;border-top-style: solid;border-top-width: 3px;border-top-color: #ffffff;padding: 10px;background-color: #006A6A;color: white\">Sugerencias<\/div>\r\n<div style=\"text-align: center;text-transform: capitalize;border-top-color: #ffffff;padding: 10px;background-color: #006A6A;color: white\"><span class=\"elementor-icon-list-icon\">\r\n\t\t\t\t\t\t\t<i aria-hidden=\"true\" class=\"fab fa-whatsapp\"><\/i>\t\t\t\t\t\t<\/span>(+54)3454933737<\/div>\r\n<div style=\"text-align: center;border-top-color: #ffffff;padding: 10px;background-color: #006A6A;color: white\"><span class=\"elementor-icon-list-icon\">\r\n\t\t\t\t\t\t\t<i aria-hidden=\"true\" class=\"far fa-envelope\"><\/i>\t\t\t\t\t\t<\/span><span>proyextefcad@gmail.com<\/span><\/div>\r\n\r\n\r\n\r\n<\/div><\/div>\t\t<\/div>\n\t\t\t\t<\/div>\n\t\t\t\t\t\t<\/div>\n\t\t\t\t\t<\/div>\n\t\t<\/div>\n\t\t\t\t<div class=\"elementor-column elementor-col-50 elementor-top-column elementor-element elementor-element-a776852\" data-id=\"a776852\" data-element_type=\"column\">\n\t\t\t<div class=\"elementor-column-wrap elementor-element-populated\">\n\t\t\t\t\t\t\t<div class=\"elementor-widget-wrap\">\n\t\t\t\t\t\t<div class=\"elementor-element elementor-element-fc8472e elementor-widget elementor-widget-heading\" data-id=\"fc8472e\" data-element_type=\"widget\" data-widget_type=\"heading.default\">\n\t\t\t\t<div class=\"elementor-widget-container\">\n\t\t\t<h1 class=\"elementor-heading-title elementor-size-default\">Contacto<\/h1>\t\t<\/div>\n\t\t\t\t<\/div>\n\t\t\t\t<div class=\"elementor-element elementor-element-0e7beca elementor-widget elementor-widget-heading\" data-id=\"0e7beca\" data-element_type=\"widget\" data-widget_type=\"heading.default\">\n\t\t\t\t<div class=\"elementor-widget-container\">\n\t\t\t<h2 class=\"elementor-heading-title elementor-size-default\">\"An\u00e1lisis y propuestas para enfrentar problem\u00e1ticas de la gesti\u00f3n de organizaciones en el contexto actual\"<\/h2>\t\t<\/div>\n\t\t\t\t<\/div>\n\t\t\t\t<div class=\"elementor-element elementor-element-ed30294 elementor-widget elementor-widget-text-editor\" data-id=\"ed30294\" data-element_type=\"widget\" data-widget_type=\"text-editor.default\">\n\t\t\t\t<div class=\"elementor-widget-container\">\n\t\t\t\t\t\t\t\t<div class=\"elementor-text-editor elementor-clearfix\">\n\t\t\t\t<p><strong>Tel\u00e9fono:<\/strong>(+54)3454933737<br \/><strong>E-mail:<\/strong> <a href=\"mailto:proyextefcad@gmail.com\"><span class=\"elementor-icon-list-text\">proyextefcad@gmail.com<\/span><\/a><\/p>\t\t\t\t\t<\/div>\n\t\t\t\t\t\t<\/div>\n\t\t\t\t<\/div>\n\t\t\t\t\t\t<\/div>\n\t\t\t\t\t<\/div>\n\t\t<\/div>\n\t\t\t\t\t\t\t\t<\/div>\n\t\t\t\t\t<\/div>\n\t\t<\/section>\n\t\t\t\t\t\t\t\t\t<\/div>\n\t\t\t<\/div>\n\t\t\t\t\t<\/div>\n\t\t","protected":false},"excerpt":{"rendered":"<p>Contacto &#8220;An\u00e1lisis y propuestas para enfrentar problem\u00e1ticas de la gesti\u00f3n de organizaciones en el contexto actual&#8221; Tel\u00e9fono:(+54)3454933737E-mail: proyextefcad@gmail.com<\/p>\n","protected":false},"author":1,"featured_media":0,"parent":0,"menu_order":0,"comment_status":"closed","ping_status":"closed","template":"page-templates\/template-pagebuilder-full-width.php","meta":{"neve_meta_sidebar":"full-width","neve_meta_container":"","neve_meta_enable_content_width":"on","neve_meta_content_width":100,"neve_meta_title_alignment":"","neve_meta_author_avatar":"","neve_post_elements_order":"","neve_meta_disable_header":"","neve_meta_disable_footer":"","neve_meta_disable_title":""},"_links":{"self":[{"href":"https:\/\/www.fcad.uner.edu.ar\/proyecto-extension\/wp-json\/wp\/v2\/pages\/582"}],"collection":[{"href":"https:\/\/www.fcad.uner.edu.ar\/proyecto-extension\/wp-json\/wp\/v2\/pages"}],"about":[{"href":"https:\/\/www.fcad.uner.edu.ar\/proyecto-extension\/wp-json\/wp\/v2\/types\/page"}],"author":[{"embeddable":true,"href":"https:\/\/www.fcad.uner.edu.ar\/proyecto-extension\/wp-json\/wp\/v2\/users\/1"}],"replies":[{"embeddable":true,"href":"https:\/\/www.fcad.uner.edu.ar\/proyecto-extension\/wp-json\/wp\/v2\/comments?post=582"}],"version-history":[{"count":15,"href":"https:\/\/www.fcad.uner.edu.ar\/proyecto-extension\/wp-json\/wp\/v2\/pages\/582\/revisions"}],"predecessor-version":[{"id":722,"href":"https:\/\/www.fcad.uner.edu.ar\/proyecto-extension\/wp-json\/wp\/v2\/pages\/582\/revisions\/722"}],"wp:attachment":[{"href":"https:\/\/www.fcad.uner.edu.ar\/proyecto-extension\/wp-json\/wp\/v2\/media?parent=582"}],"curies":[{"name":"wp","href":"https:\/\/api.w.org\/{rel}","templated":true}]}}