{"id":390,"date":"2020-07-25T17:29:09","date_gmt":"2020-07-25T20:29:09","guid":{"rendered":"https:\/\/www.fcad.uner.edu.ar\/proyecto-extension\/?page_id=390"},"modified":"2020-08-20T10:29:33","modified_gmt":"2020-08-20T13:29:33","slug":"documentos","status":"publish","type":"page","link":"https:\/\/www.fcad.uner.edu.ar\/proyecto-extension\/documentos\/","title":{"rendered":"Documentos"},"content":{"rendered":"\t\t<div data-elementor-type=\"wp-page\" data-elementor-id=\"390\" class=\"elementor elementor-390\">\n\t\t\t\t\t\t<div class=\"elementor-inner\">\n\t\t\t\t<div class=\"elementor-section-wrap\">\n\t\t\t\t\t\t\t\t\t<section class=\"elementor-section elementor-top-section elementor-element elementor-element-ef94e11 elementor-section-stretched elementor-section-full_width elementor-section-height-default elementor-section-height-default\" data-id=\"ef94e11\" data-element_type=\"section\" data-settings=\"{&quot;stretch_section&quot;:&quot;section-stretched&quot;}\">\n\t\t\t\t\t\t<div class=\"elementor-container elementor-column-gap-default\">\n\t\t\t\t\t\t\t<div class=\"elementor-row\">\n\t\t\t\t\t<div class=\"elementor-column elementor-col-50 elementor-top-column elementor-element elementor-element-ad8c4c1\" data-id=\"ad8c4c1\" data-element_type=\"column\">\n\t\t\t<div class=\"elementor-column-wrap elementor-element-populated\">\n\t\t\t\t\t\t\t<div class=\"elementor-widget-wrap\">\n\t\t\t\t\t\t<div class=\"elementor-element elementor-element-cc61e76 elementor-widget elementor-widget-wp-widget-custom_html\" data-id=\"cc61e76\" data-element_type=\"widget\" data-widget_type=\"wp-widget-custom_html.default\">\n\t\t\t\t<div class=\"elementor-widget-container\">\n\t\t\t<div class=\"textwidget custom-html-widget\"><div class=\"fcad-cont-menu\"> \r\n    <div class=\"fcad-item-menu\">\r\n\t\t<a href=\"https:\/\/www.fcad.uner.edu.ar\/proyecto-extension\/\">Inicio<\/a>\r\n\t<\/div>\r\n\r\n\t<div class=\"fcad-item-menu\">\r\n\t\t<a href=\"https:\/\/www.fcad.uner.edu.ar\/proyecto-extension\/entrevistas\/\">Entrevistas<\/a>\r\n\t<\/div>\r\n\r\n\t<div class=\"fcad-item-menu\">\r\n\t\t<a href=\"https:\/\/www.fcad.uner.edu.ar\/proyecto-extension\/documentos\/\">Documentos<\/a>\r\n\t<\/div>\r\n\t\t\t\r\n\t<div class=\"fcad-item-menu\">\r\n\t\t<a href=\"https:\/\/www.fcad.uner.edu.ar\/proyecto-extension\/participantes\/\">Instituciones Participantes<\/a>\r\n\t<\/div>\r\n\r\n\t<div class=\"fcad-item-menu\">\r\n\t\t<a href=\"https:\/\/www.fcad.uner.edu.ar\/proyecto-extension\/integrantes\/\">Integrantes<\/a>\r\n\t<\/div>\t\r\n\t\r\n    <div class=\"fcad-item-menu\">\r\n\t\t<a href=\"https:\/\/www.fcad.uner.edu.ar\/proyecto-extension\/contacto\/\">Contacto<\/a>\r\n\t<\/div>\t\r\n<\/div>\r\n<div>\r\n<div style=\"text-align: center;text-transform: capitalize;font-weight: 500;font-size: x-large;border-top-style: solid;border-top-width: 3px;border-top-color: #ffffff;padding: 10px;background-color: #006A6A;color: white\">Sugerencias<\/div>\r\n<div style=\"text-align: center;text-transform: capitalize;border-top-color: #ffffff;padding: 10px;background-color: #006A6A;color: white\"><span class=\"elementor-icon-list-icon\">\r\n\t\t\t\t\t\t\t<i aria-hidden=\"true\" class=\"fab fa-whatsapp\"><\/i>\t\t\t\t\t\t<\/span>(+54)3454933737<\/div>\r\n<div style=\"text-align: center;border-top-color: #ffffff;padding: 10px;background-color: #006A6A;color: white\"><span class=\"elementor-icon-list-icon\">\r\n\t\t\t\t\t\t\t<i aria-hidden=\"true\" class=\"far fa-envelope\"><\/i>\t\t\t\t\t\t<\/span><span>proyextefcad@gmail.com<\/span><\/div>\r\n\r\n\r\n\r\n<\/div><\/div>\t\t<\/div>\n\t\t\t\t<\/div>\n\t\t\t\t\t\t<\/div>\n\t\t\t\t\t<\/div>\n\t\t<\/div>\n\t\t\t\t<div class=\"elementor-column elementor-col-50 elementor-top-column elementor-element elementor-element-51172a2\" data-id=\"51172a2\" data-element_type=\"column\">\n\t\t\t<div class=\"elementor-column-wrap elementor-element-populated\">\n\t\t\t\t\t\t\t<div class=\"elementor-widget-wrap\">\n\t\t\t\t\t\t<div class=\"elementor-element elementor-element-9f7d83c elementor-widget elementor-widget-heading\" data-id=\"9f7d83c\" data-element_type=\"widget\" data-widget_type=\"heading.default\">\n\t\t\t\t<div class=\"elementor-widget-container\">\n\t\t\t<h1 class=\"elementor-heading-title elementor-size-default\">Documentos<\/h1>\t\t<\/div>\n\t\t\t\t<\/div>\n\t\t\t\t<div class=\"elementor-element elementor-element-b64c5ed elementor-widget elementor-widget-obfx-posts-grid\" data-id=\"b64c5ed\" data-element_type=\"widget\" data-widget_type=\"obfx-posts-grid.default\">\n\t\t\t\t<div class=\"elementor-widget-container\">\n\t\t\t<div class=\"obfx-grid\"><div class=\"obfx-grid-container obfx-grid-mobile-1 obfx-grid-tablet-2 obfx-grid-desktop-3\"><div class=\"obfx-grid-wrapper\"><article class=\"obfx-grid-col\"><div class=\"obfx-grid-col-image\" ><a href=\"https:\/\/www.fcad.uner.edu.ar\/proyecto-extension\/el-marketing-digital-y-el-comercio-electronico-como-medios-para-enfrentar-el-escenario-actual-de-pandemia-2\/\" title=\"El marketing digital y el comercio electr\u00f3nico como medios para enfrentar el escenario actual de pandemia\"><img width=\"960\" height=\"720\" src=\"https:\/\/www.fcad.uner.edu.ar\/proyecto-extension\/wp-content\/uploads\/2021\/12\/Diapositiva11.jpg\" class=\"img-responsive wp-post-image\" alt=\"Diapositiva1(1)\" decoding=\"async\" loading=\"lazy\" srcset=\"https:\/\/www.fcad.uner.edu.ar\/proyecto-extension\/wp-content\/uploads\/2021\/12\/Diapositiva11.jpg 960w, https:\/\/www.fcad.uner.edu.ar\/proyecto-extension\/wp-content\/uploads\/2021\/12\/Diapositiva11-300x225.jpg 300w, https:\/\/www.fcad.uner.edu.ar\/proyecto-extension\/wp-content\/uploads\/2021\/12\/Diapositiva11-768x576.jpg 768w\" sizes=\"(max-width: 960px) 100vw, 960px\" \/><\/a><\/div><div class=\"obfx-grid-col-content\">\t\t\t<h2 class=\"entry-title obfx-grid-title\">\n\t\t\t\t\t\t\t<a href=\"https:\/\/www.fcad.uner.edu.ar\/proyecto-extension\/el-marketing-digital-y-el-comercio-electronico-como-medios-para-enfrentar-el-escenario-actual-de-pandemia-2\/\" title=\"El marketing digital y el comercio electr\u00f3nico como medios para enfrentar el escenario actual de pandemia\">\n\t\t\t\t\tEl marketing digital y el comercio electr\u00f3nico como medios para enfrentar el escenario actual de pandemia\t\t\t\t<\/a>\n\t\t\t\t\t\t\t<\/h2>\n\t\t\t<\/div><\/article><\/div><div class=\"obfx-grid-wrapper\"><article class=\"obfx-grid-col\"><div class=\"obfx-grid-col-image\" ><a href=\"https:\/\/www.fcad.uner.edu.ar\/proyecto-extension\/el-rol-de-los-profesionales-en-ciencias-economicas-frente-a-los-desafios-de-la-gestion-de-pymes-en-el-contexto-post-covid-en-la-region-2\/\" title=\"EL rol de los profesionales en ciencias econ\u00f3micas frente a los desaf\u00edos de la gesti\u00f3n de pymes en el contexto post covid en la regi\u00f3n\"><img width=\"960\" height=\"720\" src=\"https:\/\/www.fcad.uner.edu.ar\/proyecto-extension\/wp-content\/uploads\/2021\/12\/Diapositiva1-1.jpg\" class=\"img-responsive wp-post-image\" alt=\"Diapositiva1\" decoding=\"async\" loading=\"lazy\" srcset=\"https:\/\/www.fcad.uner.edu.ar\/proyecto-extension\/wp-content\/uploads\/2021\/12\/Diapositiva1-1.jpg 960w, https:\/\/www.fcad.uner.edu.ar\/proyecto-extension\/wp-content\/uploads\/2021\/12\/Diapositiva1-1-300x225.jpg 300w, https:\/\/www.fcad.uner.edu.ar\/proyecto-extension\/wp-content\/uploads\/2021\/12\/Diapositiva1-1-768x576.jpg 768w\" sizes=\"(max-width: 960px) 100vw, 960px\" \/><\/a><\/div><div class=\"obfx-grid-col-content\">\t\t\t<h2 class=\"entry-title obfx-grid-title\">\n\t\t\t\t\t\t\t<a href=\"https:\/\/www.fcad.uner.edu.ar\/proyecto-extension\/el-rol-de-los-profesionales-en-ciencias-economicas-frente-a-los-desafios-de-la-gestion-de-pymes-en-el-contexto-post-covid-en-la-region-2\/\" title=\"EL rol de los profesionales en ciencias econ\u00f3micas frente a los desaf\u00edos de la gesti\u00f3n de pymes en el contexto post covid en la regi\u00f3n\">\n\t\t\t\t\tEL rol de los profesionales en ciencias econ\u00f3micas frente a los desaf\u00edos de la gesti\u00f3n de pymes en el contexto post covid en la regi\u00f3n\t\t\t\t<\/a>\n\t\t\t\t\t\t\t<\/h2>\n\t\t\t<\/div><\/article><\/div><div class=\"obfx-grid-wrapper\"><article class=\"obfx-grid-col\"><div class=\"obfx-grid-col-image\" ><a href=\"https:\/\/www.fcad.uner.edu.ar\/proyecto-extension\/un-murcielago-cambio-el-mundo-de-las-organizaciones-2\/\" title=\"\u00bfUn murci\u00e9lago cambi\u00f3 el mundo de las organizaciones?\"><img width=\"960\" height=\"720\" src=\"https:\/\/www.fcad.uner.edu.ar\/proyecto-extension\/wp-content\/uploads\/2021\/12\/Diapositiva1.jpg\" class=\"img-responsive wp-post-image\" alt=\"Diapositiva1\" decoding=\"async\" loading=\"lazy\" srcset=\"https:\/\/www.fcad.uner.edu.ar\/proyecto-extension\/wp-content\/uploads\/2021\/12\/Diapositiva1.jpg 960w, https:\/\/www.fcad.uner.edu.ar\/proyecto-extension\/wp-content\/uploads\/2021\/12\/Diapositiva1-300x225.jpg 300w, https:\/\/www.fcad.uner.edu.ar\/proyecto-extension\/wp-content\/uploads\/2021\/12\/Diapositiva1-768x576.jpg 768w\" sizes=\"(max-width: 960px) 100vw, 960px\" \/><\/a><\/div><div class=\"obfx-grid-col-content\">\t\t\t<h2 class=\"entry-title obfx-grid-title\">\n\t\t\t\t\t\t\t<a href=\"https:\/\/www.fcad.uner.edu.ar\/proyecto-extension\/un-murcielago-cambio-el-mundo-de-las-organizaciones-2\/\" title=\"\u00bfUn murci\u00e9lago cambi\u00f3 el mundo de las organizaciones?\">\n\t\t\t\t\t\u00bfUn murci\u00e9lago cambi\u00f3 el mundo de las organizaciones?\t\t\t\t<\/a>\n\t\t\t\t\t\t\t<\/h2>\n\t\t\t<\/div><\/article><\/div><div class=\"obfx-grid-wrapper\"><article class=\"obfx-grid-col\"><div class=\"obfx-grid-col-image\" ><a href=\"https:\/\/www.fcad.uner.edu.ar\/proyecto-extension\/impacto-del-covid-19-en-las-organizaciones-y-en-los-integrantes-de-las-mismas\/\" title=\"Impacto del COVID-19 en las organizaciones y en los integrantes de las mismas\"><img width=\"960\" height=\"720\" src=\"https:\/\/www.fcad.uner.edu.ar\/proyecto-extension\/wp-content\/uploads\/2021\/05\/Diapositiva1.jpg\" class=\"img-responsive wp-post-image\" alt=\"Diapositiva1\" decoding=\"async\" loading=\"lazy\" srcset=\"https:\/\/www.fcad.uner.edu.ar\/proyecto-extension\/wp-content\/uploads\/2021\/05\/Diapositiva1.jpg 960w, https:\/\/www.fcad.uner.edu.ar\/proyecto-extension\/wp-content\/uploads\/2021\/05\/Diapositiva1-300x225.jpg 300w, https:\/\/www.fcad.uner.edu.ar\/proyecto-extension\/wp-content\/uploads\/2021\/05\/Diapositiva1-768x576.jpg 768w\" sizes=\"(max-width: 960px) 100vw, 960px\" \/><\/a><\/div><div class=\"obfx-grid-col-content\">\t\t\t<h2 class=\"entry-title obfx-grid-title\">\n\t\t\t\t\t\t\t<a href=\"https:\/\/www.fcad.uner.edu.ar\/proyecto-extension\/impacto-del-covid-19-en-las-organizaciones-y-en-los-integrantes-de-las-mismas\/\" title=\"Impacto del COVID-19 en las organizaciones y en los integrantes de las mismas\">\n\t\t\t\t\tImpacto del COVID-19 en las organizaciones y en los integrantes de las mismas\t\t\t\t<\/a>\n\t\t\t\t\t\t\t<\/h2>\n\t\t\t<\/div><\/article><\/div><div class=\"obfx-grid-wrapper\"><article class=\"obfx-grid-col\"><div class=\"obfx-grid-col-image\" ><a href=\"https:\/\/www.fcad.uner.edu.ar\/proyecto-extension\/la-logistica-fruto-del-orden-racional-en-un-mundo-donde-se-subvirtieron-todos-los-parametros-de-referencia\/\" title=\"La log\u00edstica, fruto del orden racional, en un mundo donde se subvirtieron todos los par\u00e1metros de referencia\"><img width=\"960\" height=\"720\" src=\"https:\/\/www.fcad.uner.edu.ar\/proyecto-extension\/wp-content\/uploads\/2021\/03\/PPT-Cleres-FCAD-23-0-202-1.jpg\" class=\"img-responsive wp-post-image\" alt=\"PPT &#8211; Cleres &#8211; FCAD 23-0-202 (1)\" decoding=\"async\" loading=\"lazy\" srcset=\"https:\/\/www.fcad.uner.edu.ar\/proyecto-extension\/wp-content\/uploads\/2021\/03\/PPT-Cleres-FCAD-23-0-202-1.jpg 960w, https:\/\/www.fcad.uner.edu.ar\/proyecto-extension\/wp-content\/uploads\/2021\/03\/PPT-Cleres-FCAD-23-0-202-1-300x225.jpg 300w, https:\/\/www.fcad.uner.edu.ar\/proyecto-extension\/wp-content\/uploads\/2021\/03\/PPT-Cleres-FCAD-23-0-202-1-768x576.jpg 768w\" sizes=\"(max-width: 960px) 100vw, 960px\" \/><\/a><\/div><div class=\"obfx-grid-col-content\">\t\t\t<h2 class=\"entry-title obfx-grid-title\">\n\t\t\t\t\t\t\t<a href=\"https:\/\/www.fcad.uner.edu.ar\/proyecto-extension\/la-logistica-fruto-del-orden-racional-en-un-mundo-donde-se-subvirtieron-todos-los-parametros-de-referencia\/\" title=\"La log\u00edstica, fruto del orden racional, en un mundo donde se subvirtieron todos los par\u00e1metros de referencia\">\n\t\t\t\t\tLa log\u00edstica, fruto del orden racional, en un mundo donde se subvirtieron todos los par\u00e1metros de referencia\t\t\t\t<\/a>\n\t\t\t\t\t\t\t<\/h2>\n\t\t\t<\/div><\/article><\/div><div class=\"obfx-grid-wrapper\"><article class=\"obfx-grid-col\"><div class=\"obfx-grid-col-image\" ><a href=\"https:\/\/www.fcad.uner.edu.ar\/proyecto-extension\/consideraciones-minimas-de-seguridad-informatica\/\" title=\"Consideraciones m\u00ednimas de seguridad inform\u00e1tica\"><img width=\"1015\" height=\"571\" src=\"https:\/\/www.fcad.uner.edu.ar\/proyecto-extension\/wp-content\/uploads\/2020\/12\/Portada.png\" class=\"img-responsive wp-post-image\" alt=\"Portada\" decoding=\"async\" loading=\"lazy\" srcset=\"https:\/\/www.fcad.uner.edu.ar\/proyecto-extension\/wp-content\/uploads\/2020\/12\/Portada.png 1015w, https:\/\/www.fcad.uner.edu.ar\/proyecto-extension\/wp-content\/uploads\/2020\/12\/Portada-300x169.png 300w, https:\/\/www.fcad.uner.edu.ar\/proyecto-extension\/wp-content\/uploads\/2020\/12\/Portada-768x432.png 768w\" sizes=\"(max-width: 1015px) 100vw, 1015px\" \/><\/a><\/div><div class=\"obfx-grid-col-content\">\t\t\t<h2 class=\"entry-title obfx-grid-title\">\n\t\t\t\t\t\t\t<a href=\"https:\/\/www.fcad.uner.edu.ar\/proyecto-extension\/consideraciones-minimas-de-seguridad-informatica\/\" title=\"Consideraciones m\u00ednimas de seguridad inform\u00e1tica\">\n\t\t\t\t\tConsideraciones m\u00ednimas de seguridad inform\u00e1tica\t\t\t\t<\/a>\n\t\t\t\t\t\t\t<\/h2>\n\t\t\t<\/div><\/article><\/div><div class=\"obfx-grid-wrapper\"><article class=\"obfx-grid-col\"><div class=\"obfx-grid-col-image\" ><a href=\"https:\/\/www.fcad.uner.edu.ar\/proyecto-extension\/la-histeresis-de-la-pandemia-2\/\" title=\"La hist\u00e9resis de la pandemia\"><img width=\"960\" height=\"720\" src=\"https:\/\/www.fcad.uner.edu.ar\/proyecto-extension\/wp-content\/uploads\/2020\/10\/Diapositiva3.jpg\" class=\"img-responsive wp-post-image\" alt=\"Diapositiva3\" decoding=\"async\" loading=\"lazy\" srcset=\"https:\/\/www.fcad.uner.edu.ar\/proyecto-extension\/wp-content\/uploads\/2020\/10\/Diapositiva3.jpg 960w, https:\/\/www.fcad.uner.edu.ar\/proyecto-extension\/wp-content\/uploads\/2020\/10\/Diapositiva3-300x225.jpg 300w, https:\/\/www.fcad.uner.edu.ar\/proyecto-extension\/wp-content\/uploads\/2020\/10\/Diapositiva3-768x576.jpg 768w\" sizes=\"(max-width: 960px) 100vw, 960px\" \/><\/a><\/div><div class=\"obfx-grid-col-content\">\t\t\t<h2 class=\"entry-title obfx-grid-title\">\n\t\t\t\t\t\t\t<a href=\"https:\/\/www.fcad.uner.edu.ar\/proyecto-extension\/la-histeresis-de-la-pandemia-2\/\" title=\"La hist\u00e9resis de la pandemia\">\n\t\t\t\t\tLa hist\u00e9resis de la pandemia\t\t\t\t<\/a>\n\t\t\t\t\t\t\t<\/h2>\n\t\t\t<\/div><\/article><\/div>\t\t\t\t<div class=\"obfx-grid-pagination\">\n\t\t\t\t\t\t\t\t\t\t<nav class=\"pagination\">\n\t\t\t\t\t\t\t\t\t\t\t<\/nav>\n\t\t\t\t<\/div>\n\t\t\t\t<\/div><!-- .obfx-grid-container --><\/div><!-- .obfx-grid -->\t\t<\/div>\n\t\t\t\t<\/div>\n\t\t\t\t\t\t<\/div>\n\t\t\t\t\t<\/div>\n\t\t<\/div>\n\t\t\t\t\t\t\t\t<\/div>\n\t\t\t\t\t<\/div>\n\t\t<\/section>\n\t\t\t\t\t\t\t\t\t<\/div>\n\t\t\t<\/div>\n\t\t\t\t\t<\/div>\n\t\t","protected":false},"excerpt":{"rendered":"<p>Documentos<\/p>\n","protected":false},"author":1,"featured_media":0,"parent":0,"menu_order":0,"comment_status":"closed","ping_status":"closed","template":"page-templates\/template-pagebuilder-full-width.php","meta":{"neve_meta_sidebar":"full-width","neve_meta_container":"","neve_meta_enable_content_width":"on","neve_meta_content_width":100,"neve_meta_title_alignment":"","neve_meta_author_avatar":"","neve_post_elements_order":"","neve_meta_disable_header":"","neve_meta_disable_footer":"","neve_meta_disable_title":""},"_links":{"self":[{"href":"https:\/\/www.fcad.uner.edu.ar\/proyecto-extension\/wp-json\/wp\/v2\/pages\/390"}],"collection":[{"href":"https:\/\/www.fcad.uner.edu.ar\/proyecto-extension\/wp-json\/wp\/v2\/pages"}],"about":[{"href":"https:\/\/www.fcad.uner.edu.ar\/proyecto-extension\/wp-json\/wp\/v2\/types\/page"}],"author":[{"embeddable":true,"href":"https:\/\/www.fcad.uner.edu.ar\/proyecto-extension\/wp-json\/wp\/v2\/users\/1"}],"replies":[{"embeddable":true,"href":"https:\/\/www.fcad.uner.edu.ar\/proyecto-extension\/wp-json\/wp\/v2\/comments?post=390"}],"version-history":[{"count":27,"href":"https:\/\/www.fcad.uner.edu.ar\/proyecto-extension\/wp-json\/wp\/v2\/pages\/390\/revisions"}],"predecessor-version":[{"id":719,"href":"https:\/\/www.fcad.uner.edu.ar\/proyecto-extension\/wp-json\/wp\/v2\/pages\/390\/revisions\/719"}],"wp:attachment":[{"href":"https:\/\/www.fcad.uner.edu.ar\/proyecto-extension\/wp-json\/wp\/v2\/media?parent=390"}],"curies":[{"name":"wp","href":"https:\/\/api.w.org\/{rel}","templated":true}]}}